{"id":2,"date":"2022-01-24T08:40:39","date_gmt":"2022-01-24T08:40:39","guid":{"rendered":"https:\/\/testing-pipecoatings-kth.de\/?page_id=2"},"modified":"2026-01-22T13:19:48","modified_gmt":"2026-01-22T13:19:48","slug":"korrosionsschutz","status":"publish","type":"page","link":"https:\/\/testing-pipecoatings-kth.de\/en\/","title":{"rendered":"WELCOME"},"content":{"rendered":"<div data-elementor-type=\"wp-page\" data-elementor-id=\"2\" class=\"elementor elementor-2\" data-elementor-post-type=\"page\">\n\t\t\t\t\t\t<section class=\"elementor-section elementor-top-section elementor-element elementor-element-4a5f841 elementor-section-height-min-height elementor-section-boxed elementor-section-height-default elementor-section-items-middle\" data-id=\"4a5f841\" data-element_type=\"section\" data-e-type=\"section\" data-settings=\"{&quot;background_background&quot;:&quot;classic&quot;}\">\n\t\t\t\t\t\t<div class=\"elementor-container elementor-column-gap-default\">\n\t\t\t\t\t<div class=\"elementor-column elementor-col-100 elementor-top-column elementor-element elementor-element-25e56f4\" data-id=\"25e56f4\" data-element_type=\"column\" data-e-type=\"column\">\n\t\t\t<div class=\"elementor-widget-wrap elementor-element-populated\">\n\t\t\t\t\t\t<div class=\"elementor-element elementor-element-5d9b95d elementor-widget elementor-widget-heading\" data-id=\"5d9b95d\" data-element_type=\"widget\" data-e-type=\"widget\" data-widget_type=\"heading.default\">\n\t\t\t\t<div class=\"elementor-widget-container\">\n\t\t\t\t\t<h2 class=\"elementor-heading-title elementor-size-default\">PR\u00dcFLABOR KORROSIONSTECHNIK HEIM \u2013<br>\nGUTACHTEN RUND UM DEN KORROSIONSSCHUTZ<\/h2>\t\t\t\t<\/div>\n\t\t\t\t<\/div>\n\t\t\t\t<div class=\"elementor-element elementor-element-d0d9dfb elementor-widget__width-auto elementor-widget elementor-widget-button\" data-id=\"d0d9dfb\" data-element_type=\"widget\" data-e-type=\"widget\" data-widget_type=\"button.default\">\n\t\t\t\t<div class=\"elementor-widget-container\">\n\t\t\t\t\t<div class=\"elementor-button-wrapper\">\n\t\t\t\t\t<a class=\"elementor-button elementor-button-link elementor-size-sm\" href=\"#kontakt\">\n\t\t\t\t\t\t<span class=\"elementor-button-content-wrapper\">\n\t\t\t\t\t\t<span class=\"elementor-button-icon\">\n\t\t\t\t<svg aria-hidden=\"true\" class=\"e-font-icon-svg e-fas-pen\" viewBox=\"0 0 512 512\" xmlns=\"http:\/\/www.w3.org\/2000\/svg\"><path d=\"M290.74 93.24l128.02 128.02-277.99 277.99-114.14 12.6C11.35 513.54-1.56 500.62.14 485.34l12.7-114.22 277.9-277.88zm207.2-19.06l-60.11-60.11c-18.75-18.75-49.16-18.75-67.91 0l-56.55 56.55 128.02 128.02 56.55-56.55c18.75-18.76 18.75-49.16 0-67.91z\"><\/path><\/svg>\t\t\t<\/span>\n\t\t\t\t\t\t\t\t\t<span class=\"elementor-button-text\">Jetzt Anfrage stellen<\/span>\n\t\t\t\t\t<\/span>\n\t\t\t\t\t<\/a>\n\t\t\t\t<\/div>\t\t\t\t<\/div>\n\t\t\t\t<\/div>\n\t\t\t\t<div class=\"elementor-element elementor-element-55ed049 elementor-widget__width-auto elementor-widget elementor-widget-button\" data-id=\"55ed049\" data-element_type=\"widget\" data-e-type=\"widget\" data-widget_type=\"button.default\">\n\t\t\t\t<div class=\"elementor-widget-container\">\n\t\t\t\t\t<div class=\"elementor-button-wrapper\">\n\t\t\t\t\t<a class=\"elementor-button elementor-button-link elementor-size-sm\" href=\"tel:+4921036844\">\n\t\t\t\t\t\t<span class=\"elementor-button-content-wrapper\">\n\t\t\t\t\t\t<span class=\"elementor-button-icon\">\n\t\t\t\t<svg aria-hidden=\"true\" class=\"e-font-icon-svg e-fas-phone-alt\" viewBox=\"0 0 512 512\" xmlns=\"http:\/\/www.w3.org\/2000\/svg\"><path d=\"M497.39 361.8l-112-48a24 24 0 0 0-28 6.9l-49.6 60.6A370.66 370.66 0 0 1 130.6 204.11l60.6-49.6a23.94 23.94 0 0 0 6.9-28l-48-112A24.16 24.16 0 0 0 122.6.61l-104 24A24 24 0 0 0 0 48c0 256.5 207.9 464 464 464a24 24 0 0 0 23.4-18.6l24-104a24.29 24.29 0 0 0-14.01-27.6z\"><\/path><\/svg>\t\t\t<\/span>\n\t\t\t\t\t\t\t\t\t<span class=\"elementor-button-text\">Jetzt anrufen<\/span>\n\t\t\t\t\t<\/span>\n\t\t\t\t\t<\/a>\n\t\t\t\t<\/div>\t\t\t\t<\/div>\n\t\t\t\t<\/div>\n\t\t\t\t\t<\/div>\n\t\t<\/div>\n\t\t\t\t\t<\/div>\n\t\t<\/section>\n\t\t\t\t<section class=\"elementor-section elementor-top-section elementor-element elementor-element-a20aa1a elementor-section-boxed elementor-section-height-default elementor-section-height-default elementor-invisible\" data-id=\"a20aa1a\" data-element_type=\"section\" data-e-type=\"section\" id=\"topA\" data-settings=\"{&quot;animation&quot;:&quot;fadeIn&quot;}\">\n\t\t\t\t\t\t<div class=\"elementor-container elementor-column-gap-default\">\n\t\t\t\t\t<div class=\"elementor-column elementor-col-100 elementor-top-column elementor-element elementor-element-30984e3\" data-id=\"30984e3\" data-element_type=\"column\" data-e-type=\"column\">\n\t\t\t<div class=\"elementor-widget-wrap elementor-element-populated\">\n\t\t\t\t\t\t<div class=\"elementor-element elementor-element-f18f44b elementor-position-left elementor-vertical-align-middle elementor-widget elementor-widget-image-box\" data-id=\"f18f44b\" data-element_type=\"widget\" data-e-type=\"widget\" data-widget_type=\"image-box.default\">\n\t\t\t\t<div class=\"elementor-widget-container\">\n\t\t\t\t\t<div class=\"elementor-image-box-wrapper\"><figure class=\"elementor-image-box-img\"><img fetchpriority=\"high\" decoding=\"async\" width=\"800\" height=\"550\" src=\"https:\/\/testing-pipecoatings-kth.de\/wp-content\/uploads\/01_start_indentation_test.jpg\" class=\"elementor-animation-grow attachment-full size-full wp-image-1487\" alt=\"KORROSIONS\u00adSCHUTZSYSTEME\" srcset=\"https:\/\/testing-pipecoatings-kth.de\/wp-content\/uploads\/01_start_indentation_test.jpg 800w, https:\/\/testing-pipecoatings-kth.de\/wp-content\/uploads\/01_start_indentation_test-300x206.jpg 300w, https:\/\/testing-pipecoatings-kth.de\/wp-content\/uploads\/01_start_indentation_test-768x528.jpg 768w\" sizes=\"(max-width: 800px) 100vw, 800px\" \/><\/figure><div class=\"elementor-image-box-content\"><h2 class=\"elementor-image-box-title\">KORROSIONS\u00adSCHUTZSYSTEME UND PR\u00dcFNORMEN<\/h2><p class=\"elementor-image-box-description\">Das Pr\u00fcflabor Korrosionstechnik Heim aus Hilden erstellt Gutachten rund um den Korrosionsschutz. Erfahren Sie alles \u00fcber Korrosions\u00adschutzsysteme, Pr\u00fcfnormen, unsere Referenzen und unsere Leistungen.\n<br><br>\nHABEN SIE FRAGEN?\nKONTAKTIEREN SIE UNS, WIR BERATEN SIE GERNE.<\/p><\/div><\/div>\t\t\t\t<\/div>\n\t\t\t\t<\/div>\n\t\t\t\t<div class=\"elementor-element elementor-element-048c9a5 elementor-widget__width-inherit elementor-widget elementor-widget-image\" data-id=\"048c9a5\" data-element_type=\"widget\" data-e-type=\"widget\" data-widget_type=\"image.default\">\n\t\t\t\t<div class=\"elementor-widget-container\">\n\t\t\t\t\t<img decoding=\"async\" width=\"522\" height=\"522\" src=\"https:\/\/testing-pipecoatings-kth.de\/wp-content\/uploads\/image001-e1769087645352.jpg\" class=\"attachment-1536x1536 size-1536x1536 wp-image-2546\" alt=\"\" srcset=\"https:\/\/testing-pipecoatings-kth.de\/wp-content\/uploads\/image001-e1769087645352.jpg 522w, https:\/\/testing-pipecoatings-kth.de\/wp-content\/uploads\/image001-e1769087645352-300x300.jpg 300w, https:\/\/testing-pipecoatings-kth.de\/wp-content\/uploads\/image001-e1769087645352-150x150.jpg 150w, https:\/\/testing-pipecoatings-kth.de\/wp-content\/uploads\/image001-e1769087645352-12x12.jpg 12w\" sizes=\"(max-width: 522px) 100vw, 522px\" \/>\t\t\t\t<\/div>\n\t\t\t\t<\/div>\n\t\t\t\t\t<\/div>\n\t\t<\/div>\n\t\t\t\t\t<\/div>\n\t\t<\/section>\n\t\t\t\t<section class=\"elementor-section elementor-top-section elementor-element elementor-element-7c3c067 elementor-section-boxed elementor-section-height-default elementor-section-height-default\" data-id=\"7c3c067\" data-element_type=\"section\" data-e-type=\"section\" id=\"kontakt\" data-settings=\"{&quot;background_background&quot;:&quot;classic&quot;,&quot;background_motion_fx_motion_fx_scrolling&quot;:&quot;yes&quot;,&quot;shape_divider_bottom&quot;:&quot;opacity-tilt&quot;,&quot;background_motion_fx_devices&quot;:[&quot;desktop&quot;,&quot;tablet&quot;,&quot;mobile&quot;]}\">\n\t\t\t\t\t<div class=\"elementor-shape elementor-shape-bottom\" aria-hidden=\"true\" data-negative=\"false\">\n\t\t\t<svg xmlns=\"http:\/\/www.w3.org\/2000\/svg\" viewBox=\"0 0 2600 131.1\" preserveAspectRatio=\"none\">\n\t<path class=\"elementor-shape-fill\" d=\"M0 0L2600 0 2600 69.1 0 0z\"\/>\n\t<path class=\"elementor-shape-fill\" style=\"opacity:0.5\" d=\"M0 0L2600 0 2600 69.1 0 69.1z\"\/>\n\t<path class=\"elementor-shape-fill\" style=\"opacity:0.25\" d=\"M2600 0L0 0 0 130.1 2600 69.1z\"\/>\n<\/svg>\t\t<\/div>\n\t\t\t\t\t<div class=\"elementor-container elementor-column-gap-default\">\n\t\t\t\t\t<div class=\"elementor-column elementor-col-100 elementor-top-column elementor-element elementor-element-df30cbd\" data-id=\"df30cbd\" data-element_type=\"column\" data-e-type=\"column\" data-settings=\"{&quot;background_background&quot;:&quot;classic&quot;}\">\n\t\t\t<div class=\"elementor-widget-wrap elementor-element-populated\">\n\t\t\t\t\t\t<div class=\"elementor-element elementor-element-4a644267 elementor-widget elementor-widget-heading\" data-id=\"4a644267\" data-element_type=\"widget\" data-e-type=\"widget\" data-widget_type=\"heading.default\">\n\t\t\t\t<div class=\"elementor-widget-container\">\n\t\t\t\t\t<h2 class=\"elementor-heading-title elementor-size-default\">Nehmen Sie Kontakt auf<\/h2>\t\t\t\t<\/div>\n\t\t\t\t<\/div>\n\t\t\t\t<div class=\"elementor-element elementor-element-9e91475 elementor-button-align-center elementor-widget-mobile__width-inherit elementor-widget elementor-widget-form\" data-id=\"9e91475\" data-element_type=\"widget\" data-e-type=\"widget\" data-settings=\"{&quot;step_next_label&quot;:&quot;Next&quot;,&quot;step_previous_label&quot;:&quot;Previous&quot;,&quot;button_width&quot;:&quot;100&quot;,&quot;step_type&quot;:&quot;number_text&quot;,&quot;step_icon_shape&quot;:&quot;circle&quot;}\" data-widget_type=\"form.default\">\n\t\t\t\t<div class=\"elementor-widget-container\">\n\t\t\t\t\t<form class=\"elementor-form\" method=\"post\" name=\"Bronze-Formular\" aria-label=\"Bronze-Formular\">\n\t\t\t<input type=\"hidden\" name=\"post_id\" value=\"2\"\/>\n\t\t\t<input type=\"hidden\" name=\"form_id\" value=\"9e91475\"\/>\n\t\t\t<input type=\"hidden\" name=\"referer_title\" value=\"WILLKOMMEN - Korrosionstechnik Heim\" \/>\n\n\t\t\t\t\t\t\t<input type=\"hidden\" name=\"queried_id\" value=\"2\"\/>\n\t\t\t\n\t\t\t<div class=\"elementor-form-fields-wrapper elementor-labels-above\">\n\t\t\t\t\t\t\t\t<div class=\"elementor-field-type-select elementor-field-group elementor-column elementor-field-group-anrede elementor-col-100\">\n\t\t\t\t\t\t\t\t\t\t\t\t<label for=\"form-field-anrede\" class=\"elementor-field-label\">\n\t\t\t\t\t\t\t\tAnrede\t\t\t\t\t\t\t<\/label>\n\t\t\t\t\t\t\t\t<div class=\"elementor-field elementor-select-wrapper remove-before \">\n\t\t\t<div class=\"select-caret-down-wrapper\">\n\t\t\t\t<svg aria-hidden=\"true\" class=\"e-font-icon-svg e-eicon-caret-down\" viewBox=\"0 0 571.4 571.4\" xmlns=\"http:\/\/www.w3.org\/2000\/svg\"><path d=\"M571 393Q571 407 561 418L311 668Q300 679 286 679T261 668L11 418Q0 407 0 393T11 368 36 357H536Q550 357 561 368T571 393Z\"><\/path><\/svg>\t\t\t<\/div>\n\t\t\t<select name=\"form_fields[anrede]\" id=\"form-field-anrede\" class=\"elementor-field-textual elementor-size-sm\">\n\t\t\t\t\t\t\t\t\t<option value=\"Anrede ausw\u00e4hlen\">Anrede ausw\u00e4hlen<\/option>\n\t\t\t\t\t\t\t\t\t<option value=\"Herr\">Herr<\/option>\n\t\t\t\t\t\t\t\t\t<option value=\"Frau\">Frau<\/option>\n\t\t\t\t\t\t\t<\/select>\n\t\t<\/div>\n\t\t\t\t\t\t<\/div>\n\t\t\t\t\t\t\t\t<div class=\"elementor-field-type-text elementor-field-group elementor-column elementor-field-group-name elementor-col-100\">\n\t\t\t\t\t\t\t\t\t\t\t\t<label for=\"form-field-name\" class=\"elementor-field-label\">\n\t\t\t\t\t\t\t\tName\t\t\t\t\t\t\t<\/label>\n\t\t\t\t\t\t\t\t\t\t\t\t\t\t<input size=\"1\" type=\"text\" name=\"form_fields[name]\" id=\"form-field-name\" class=\"elementor-field elementor-size-sm  elementor-field-textual\" placeholder=\"Name\">\n\t\t\t\t\t\t\t\t\t\t\t<\/div>\n\t\t\t\t\t\t\t\t<div class=\"elementor-field-type-email elementor-field-group elementor-column elementor-field-group-email elementor-col-100 elementor-field-required elementor-mark-required\">\n\t\t\t\t\t\t\t\t\t\t\t\t<label for=\"form-field-email\" class=\"elementor-field-label\">\n\t\t\t\t\t\t\t\tE-Mail\t\t\t\t\t\t\t<\/label>\n\t\t\t\t\t\t\t\t\t\t\t\t\t\t<input size=\"1\" type=\"email\" name=\"form_fields[email]\" id=\"form-field-email\" class=\"elementor-field elementor-size-sm  elementor-field-textual\" placeholder=\"E-Mail\" required=\"required\">\n\t\t\t\t\t\t\t\t\t\t\t<\/div>\n\t\t\t\t\t\t\t\t<div class=\"elementor-field-type-text\">\n\t\t\t\t\t<input size=\"1\" type=\"text\" name=\"form_fields[field_d6622ff]\" id=\"form-field-field_d6622ff\" class=\"elementor-field elementor-size-sm \" style=\"display:none !important;\">\t\t\t\t<\/div>\n\t\t\t\t\t\t\t\t<div class=\"elementor-field-type-textarea elementor-field-group elementor-column elementor-field-group-message elementor-col-100 elementor-field-required elementor-mark-required\">\n\t\t\t\t\t\t\t\t\t\t\t\t<label for=\"form-field-message\" class=\"elementor-field-label\">\n\t\t\t\t\t\t\t\tNachricht\t\t\t\t\t\t\t<\/label>\n\t\t\t\t\t\t<textarea class=\"elementor-field-textual elementor-field  elementor-size-sm\" name=\"form_fields[message]\" id=\"form-field-message\" rows=\"4\" placeholder=\"Ihre Nachricht hier\" required=\"required\"><\/textarea>\t\t\t\t<\/div>\n\t\t\t\t\t\t\t\t<div class=\"elementor-field-type-acceptance elementor-field-group elementor-column elementor-field-group-field_10afcbb elementor-col-100 elementor-field-required elementor-mark-required\">\n\t\t\t\t\t\t\t\t\t\t\t\t<label for=\"form-field-field_10afcbb\" class=\"elementor-field-label\">\n\t\t\t\t\t\t\t\tEinwilligungserkl\u00e4rung\t\t\t\t\t\t\t<\/label>\n\t\t\t\t\t\t\t\t<div class=\"elementor-field-subgroup\">\n\t\t\t<span class=\"elementor-field-option\">\n\t\t\t\t<input type=\"checkbox\" name=\"form_fields[field_10afcbb]\" id=\"form-field-field_10afcbb\" class=\"elementor-field elementor-size-sm  elementor-acceptance-field\" required=\"required\">\n\t\t\t\t<label for=\"form-field-field_10afcbb\">Mit Senden der Anfrage willigen Sie ein, von uns kontaktiert zu werden.<br> Es gelten unsere <a href=\"\/impressum-datenschutz\" target=\"_blank\">Datenschutzbedingungen<\/a>.<\/label>\t\t\t<\/span>\n\t\t<\/div>\n\t\t\t\t\t\t<\/div>\n\t\t\t\t\t\t\t\t<div class=\"elementor-field-group elementor-column elementor-field-type-submit elementor-col-100 e-form__buttons\">\n\t\t\t\t\t<button class=\"elementor-button elementor-size-sm elementor-animation-grow\" type=\"submit\">\n\t\t\t\t\t\t<span class=\"elementor-button-content-wrapper\">\n\t\t\t\t\t\t\t\t\t\t\t\t\t\t\t\t\t\t\t\t\t\t<span class=\"elementor-button-text\">Anfrage abschicken<\/span>\n\t\t\t\t\t\t\t\t\t\t\t\t\t<\/span>\n\t\t\t\t\t<\/button>\n\t\t\t\t<\/div>\n\t\t\t<\/div>\n\t\t<\/form>\t\t\t\t<\/div>\n\t\t\t\t<\/div>\n\t\t\t\t\t<\/div>\n\t\t<\/div>\n\t\t\t\t\t<\/div>\n\t\t<\/section>\n\t\t\t\t<\/div>","protected":false},"excerpt":{"rendered":"<p>PR\u00dcFLABOR KORROSIONSTECHNIK HEIM \u2013 GUTACHTEN RUND UM DEN KORROSIONSSCHUTZ Jetzt Anfrage stellen Jetzt anrufen KORROSIONS\u00adSCHUTZSYSTEME UND PR\u00dcFNORMEN Das Pr\u00fcflabor Korrosionstechnik Heim aus Hilden erstellt Gutachten rund um den Korrosionsschutz. Erfahren Sie alles \u00fcber Korrosions\u00adschutzsysteme, Pr\u00fcfnormen, unsere Referenzen und unsere Leistungen. HABEN SIE FRAGEN? KONTAKTIEREN SIE UNS, WIR BERATEN SIE GERNE. Nehmen Sie Kontakt auf<\/p>","protected":false},"author":1,"featured_media":0,"parent":0,"menu_order":0,"comment_status":"closed","ping_status":"open","template":"","meta":{"footnotes":""},"class_list":["post-2","page","type-page","status-publish","hentry"],"yoast_head":"<!-- This site is optimized with the Yoast SEO plugin v27.5 - https:\/\/yoast.com\/product\/yoast-seo-wordpress\/ -->\n<title>WILLKOMMEN - Korrosionstechnik Heim<\/title>\n<meta name=\"description\" content=\"Das Pr\u00fcflabor Korrosionstechnik Heim aus Hilden erstellt Gutachten rund um den Korrosionsschutz. Kontaktieren Sie uns, wir beraten Sie gerne.\" \/>\n<meta name=\"robots\" content=\"index, follow, max-snippet:-1, max-image-preview:large, max-video-preview:-1\" \/>\n<link rel=\"canonical\" href=\"https:\/\/testing-pipecoatings-kth.de\/en\/\" \/>\n<meta property=\"og:locale\" content=\"en_US\" \/>\n<meta property=\"og:type\" content=\"article\" \/>\n<meta property=\"og:title\" content=\"WILLKOMMEN - Korrosionstechnik Heim\" \/>\n<meta property=\"og:description\" content=\"Das Pr\u00fcflabor Korrosionstechnik Heim aus Hilden erstellt Gutachten rund um den Korrosionsschutz. Kontaktieren Sie uns, wir beraten Sie gerne.\" \/>\n<meta property=\"og:url\" content=\"https:\/\/testing-pipecoatings-kth.de\/en\/\" \/>\n<meta property=\"og:site_name\" content=\"Korrosionstechnik Heim\" \/>\n<meta property=\"article:modified_time\" content=\"2026-01-22T13:19:48+00:00\" \/>\n<meta property=\"og:image\" content=\"https:\/\/testing-pipecoatings-kth.de\/wp-content\/uploads\/01_start_indentation_test.jpg\" \/>\n\t<meta property=\"og:image:width\" content=\"800\" \/>\n\t<meta property=\"og:image:height\" content=\"550\" \/>\n\t<meta property=\"og:image:type\" content=\"image\/jpeg\" \/>\n<meta name=\"twitter:card\" content=\"summary_large_image\" \/>\n<meta name=\"twitter:label1\" content=\"Est. reading time\" \/>\n\t<meta name=\"twitter:data1\" content=\"1 minute\" \/>\n<script type=\"application\/ld+json\" class=\"yoast-schema-graph\">{\"@context\":\"https:\\\/\\\/schema.org\",\"@graph\":[{\"@type\":\"WebPage\",\"@id\":\"https:\\\/\\\/testing-pipecoatings-kth.de\\\/\",\"url\":\"https:\\\/\\\/testing-pipecoatings-kth.de\\\/\",\"name\":\"WILLKOMMEN - Korrosionstechnik Heim\",\"isPartOf\":{\"@id\":\"https:\\\/\\\/testing-pipecoatings-kth.de\\\/#website\"},\"primaryImageOfPage\":{\"@id\":\"https:\\\/\\\/testing-pipecoatings-kth.de\\\/#primaryimage\"},\"image\":{\"@id\":\"https:\\\/\\\/testing-pipecoatings-kth.de\\\/#primaryimage\"},\"thumbnailUrl\":\"https:\\\/\\\/testing-pipecoatings-kth.de\\\/wp-content\\\/uploads\\\/01_start_indentation_test.jpg\",\"datePublished\":\"2022-01-24T08:40:39+00:00\",\"dateModified\":\"2026-01-22T13:19:48+00:00\",\"description\":\"Das Pr\u00fcflabor Korrosionstechnik Heim aus Hilden erstellt Gutachten rund um den Korrosionsschutz. Kontaktieren Sie uns, wir beraten Sie gerne.\",\"breadcrumb\":{\"@id\":\"https:\\\/\\\/testing-pipecoatings-kth.de\\\/#breadcrumb\"},\"inLanguage\":\"en\",\"potentialAction\":[{\"@type\":\"ReadAction\",\"target\":[\"https:\\\/\\\/testing-pipecoatings-kth.de\\\/\"]}]},{\"@type\":\"ImageObject\",\"inLanguage\":\"en\",\"@id\":\"https:\\\/\\\/testing-pipecoatings-kth.de\\\/#primaryimage\",\"url\":\"https:\\\/\\\/testing-pipecoatings-kth.de\\\/wp-content\\\/uploads\\\/01_start_indentation_test.jpg\",\"contentUrl\":\"https:\\\/\\\/testing-pipecoatings-kth.de\\\/wp-content\\\/uploads\\\/01_start_indentation_test.jpg\"},{\"@type\":\"BreadcrumbList\",\"@id\":\"https:\\\/\\\/testing-pipecoatings-kth.de\\\/#breadcrumb\",\"itemListElement\":[{\"@type\":\"ListItem\",\"position\":1,\"name\":\"Startseite\",\"item\":\"https:\\\/\\\/testing-pipecoatings-kth.de\\\/\"},{\"@type\":\"ListItem\",\"position\":2,\"name\":\"WILLKOMMEN\"}]},{\"@type\":\"WebSite\",\"@id\":\"https:\\\/\\\/testing-pipecoatings-kth.de\\\/#website\",\"url\":\"https:\\\/\\\/testing-pipecoatings-kth.de\\\/\",\"name\":\"Korrosionstechnik Heim\",\"description\":\"Ihr Sachverst\u00e4ndiger f\u00fcr Korrosionsschutz in Hilden\",\"publisher\":{\"@id\":\"https:\\\/\\\/testing-pipecoatings-kth.de\\\/#organization\"},\"potentialAction\":[{\"@type\":\"SearchAction\",\"target\":{\"@type\":\"EntryPoint\",\"urlTemplate\":\"https:\\\/\\\/testing-pipecoatings-kth.de\\\/?s={search_term_string}\"},\"query-input\":{\"@type\":\"PropertyValueSpecification\",\"valueRequired\":true,\"valueName\":\"search_term_string\"}}],\"inLanguage\":\"en\"},{\"@type\":\"Organization\",\"@id\":\"https:\\\/\\\/testing-pipecoatings-kth.de\\\/#organization\",\"name\":\"Korrosionstechnik Heim\",\"url\":\"https:\\\/\\\/testing-pipecoatings-kth.de\\\/\",\"logo\":{\"@type\":\"ImageObject\",\"inLanguage\":\"en\",\"@id\":\"https:\\\/\\\/testing-pipecoatings-kth.de\\\/#\\\/schema\\\/logo\\\/image\\\/\",\"url\":\"https:\\\/\\\/testing-pipecoatings-kth.de\\\/wp-content\\\/uploads\\\/logo.png\",\"contentUrl\":\"https:\\\/\\\/testing-pipecoatings-kth.de\\\/wp-content\\\/uploads\\\/logo.png\",\"width\":161,\"height\":77,\"caption\":\"Korrosionstechnik Heim\"},\"image\":{\"@id\":\"https:\\\/\\\/testing-pipecoatings-kth.de\\\/#\\\/schema\\\/logo\\\/image\\\/\"}}]}<\/script>\n<!-- \/ Yoast SEO plugin. -->","yoast_head_json":{"title":"WILLKOMMEN - Korrosionstechnik Heim","description":"Das Pr\u00fcflabor Korrosionstechnik Heim aus Hilden erstellt Gutachten rund um den Korrosionsschutz. Kontaktieren Sie uns, wir beraten Sie gerne.","robots":{"index":"index","follow":"follow","max-snippet":"max-snippet:-1","max-image-preview":"max-image-preview:large","max-video-preview":"max-video-preview:-1"},"canonical":"https:\/\/testing-pipecoatings-kth.de\/en\/","og_locale":"en_US","og_type":"article","og_title":"WILLKOMMEN - Korrosionstechnik Heim","og_description":"Das Pr\u00fcflabor Korrosionstechnik Heim aus Hilden erstellt Gutachten rund um den Korrosionsschutz. Kontaktieren Sie uns, wir beraten Sie gerne.","og_url":"https:\/\/testing-pipecoatings-kth.de\/en\/","og_site_name":"Korrosionstechnik Heim","article_modified_time":"2026-01-22T13:19:48+00:00","og_image":[{"width":800,"height":550,"url":"https:\/\/testing-pipecoatings-kth.de\/wp-content\/uploads\/01_start_indentation_test.jpg","type":"image\/jpeg"}],"twitter_card":"summary_large_image","twitter_misc":{"Est. reading time":"1 minute"},"schema":{"@context":"https:\/\/schema.org","@graph":[{"@type":"WebPage","@id":"https:\/\/testing-pipecoatings-kth.de\/","url":"https:\/\/testing-pipecoatings-kth.de\/","name":"WILLKOMMEN - Korrosionstechnik Heim","isPartOf":{"@id":"https:\/\/testing-pipecoatings-kth.de\/#website"},"primaryImageOfPage":{"@id":"https:\/\/testing-pipecoatings-kth.de\/#primaryimage"},"image":{"@id":"https:\/\/testing-pipecoatings-kth.de\/#primaryimage"},"thumbnailUrl":"https:\/\/testing-pipecoatings-kth.de\/wp-content\/uploads\/01_start_indentation_test.jpg","datePublished":"2022-01-24T08:40:39+00:00","dateModified":"2026-01-22T13:19:48+00:00","description":"Das Pr\u00fcflabor Korrosionstechnik Heim aus Hilden erstellt Gutachten rund um den Korrosionsschutz. Kontaktieren Sie uns, wir beraten Sie gerne.","breadcrumb":{"@id":"https:\/\/testing-pipecoatings-kth.de\/#breadcrumb"},"inLanguage":"en","potentialAction":[{"@type":"ReadAction","target":["https:\/\/testing-pipecoatings-kth.de\/"]}]},{"@type":"ImageObject","inLanguage":"en","@id":"https:\/\/testing-pipecoatings-kth.de\/#primaryimage","url":"https:\/\/testing-pipecoatings-kth.de\/wp-content\/uploads\/01_start_indentation_test.jpg","contentUrl":"https:\/\/testing-pipecoatings-kth.de\/wp-content\/uploads\/01_start_indentation_test.jpg"},{"@type":"BreadcrumbList","@id":"https:\/\/testing-pipecoatings-kth.de\/#breadcrumb","itemListElement":[{"@type":"ListItem","position":1,"name":"Startseite","item":"https:\/\/testing-pipecoatings-kth.de\/"},{"@type":"ListItem","position":2,"name":"WILLKOMMEN"}]},{"@type":"WebSite","@id":"https:\/\/testing-pipecoatings-kth.de\/#website","url":"https:\/\/testing-pipecoatings-kth.de\/","name":"Korrosionstechnik Heim","description":"Ihr Sachverst\u00e4ndiger f\u00fcr Korrosionsschutz in Hilden","publisher":{"@id":"https:\/\/testing-pipecoatings-kth.de\/#organization"},"potentialAction":[{"@type":"SearchAction","target":{"@type":"EntryPoint","urlTemplate":"https:\/\/testing-pipecoatings-kth.de\/?s={search_term_string}"},"query-input":{"@type":"PropertyValueSpecification","valueRequired":true,"valueName":"search_term_string"}}],"inLanguage":"en"},{"@type":"Organization","@id":"https:\/\/testing-pipecoatings-kth.de\/#organization","name":"Korrosionstechnik Heim","url":"https:\/\/testing-pipecoatings-kth.de\/","logo":{"@type":"ImageObject","inLanguage":"en","@id":"https:\/\/testing-pipecoatings-kth.de\/#\/schema\/logo\/image\/","url":"https:\/\/testing-pipecoatings-kth.de\/wp-content\/uploads\/logo.png","contentUrl":"https:\/\/testing-pipecoatings-kth.de\/wp-content\/uploads\/logo.png","width":161,"height":77,"caption":"Korrosionstechnik Heim"},"image":{"@id":"https:\/\/testing-pipecoatings-kth.de\/#\/schema\/logo\/image\/"}}]}},"_links":{"self":[{"href":"https:\/\/testing-pipecoatings-kth.de\/en\/wp-json\/wp\/v2\/pages\/2","targetHints":{"allow":["GET"]}}],"collection":[{"href":"https:\/\/testing-pipecoatings-kth.de\/en\/wp-json\/wp\/v2\/pages"}],"about":[{"href":"https:\/\/testing-pipecoatings-kth.de\/en\/wp-json\/wp\/v2\/types\/page"}],"author":[{"embeddable":true,"href":"https:\/\/testing-pipecoatings-kth.de\/en\/wp-json\/wp\/v2\/users\/1"}],"replies":[{"embeddable":true,"href":"https:\/\/testing-pipecoatings-kth.de\/en\/wp-json\/wp\/v2\/comments?post=2"}],"version-history":[{"count":6,"href":"https:\/\/testing-pipecoatings-kth.de\/en\/wp-json\/wp\/v2\/pages\/2\/revisions"}],"predecessor-version":[{"id":2549,"href":"https:\/\/testing-pipecoatings-kth.de\/en\/wp-json\/wp\/v2\/pages\/2\/revisions\/2549"}],"wp:attachment":[{"href":"https:\/\/testing-pipecoatings-kth.de\/en\/wp-json\/wp\/v2\/media?parent=2"}],"curies":[{"name":"wp","href":"https:\/\/api.w.org\/{rel}","templated":true}]}}